{"id":18,"date":"2025-11-12T12:26:12","date_gmt":"2025-11-12T12:26:12","guid":{"rendered":"https:\/\/andreaelsa.gagnaver.is\/?page_id=18"},"modified":"2025-11-16T01:04:54","modified_gmt":"2025-11-16T01:04:54","slug":"vefverslun","status":"publish","type":"page","link":"https:\/\/andreaelsa.gagnaver.is\/index.php\/vefverslun\/","title":{"rendered":"Viskumolar"},"content":{"rendered":"\n<div class=\"wp-block-group alignfull has-global-padding is-layout-constrained wp-block-group-is-layout-constrained\" style=\"margin-top:0;margin-bottom:0;padding-top:var(--wp--preset--spacing--50);padding-bottom:var(--wp--preset--spacing--50)\">\n<div class=\"wp-block-columns alignwide is-layout-flex wp-container-core-columns-is-layout-47c06fe3 wp-block-columns-is-layout-flex\">\n<div class=\"wp-block-column is-layout-flow wp-block-column-is-layout-flow\" style=\"flex-basis:56%\">\n<figure class=\"wp-block-image size-full\"><img loading=\"lazy\" decoding=\"async\" width=\"1536\" height=\"1024\" src=\"https:\/\/andreaelsa.gagnaver.is\/wp-content\/uploads\/2025\/11\/Viskumolar-fb-ad.png\" alt=\"\" class=\"wp-image-19\" style=\"aspect-ratio:1;object-fit:cover\" srcset=\"https:\/\/andreaelsa.gagnaver.is\/wp-content\/uploads\/2025\/11\/Viskumolar-fb-ad.png 1536w, https:\/\/andreaelsa.gagnaver.is\/wp-content\/uploads\/2025\/11\/Viskumolar-fb-ad-300x200.png 300w, https:\/\/andreaelsa.gagnaver.is\/wp-content\/uploads\/2025\/11\/Viskumolar-fb-ad-1024x683.png 1024w, https:\/\/andreaelsa.gagnaver.is\/wp-content\/uploads\/2025\/11\/Viskumolar-fb-ad-768x512.png 768w\" sizes=\"auto, (max-width: 1536px) 100vw, 1536px\" \/><\/figure>\n<\/div>\n\n\n\n<div class=\"wp-block-column is-vertically-aligned-center is-layout-flow wp-container-core-column-is-layout-119bc444 wp-block-column-is-layout-flow\">\n<h2 class=\"wp-block-heading is-style-text-display is-style-text-display--1\">Viskumolar<\/h2>\n\n\n\n<p class=\"has-accent-5-background-color has-background has-medium-font-size\">Fyrir konuna sem \u00fer\u00e1ir r\u00f3, en hefur l\u00edka gaman af ruglinu. \u00deessa sem veit a\u00f0 jafnv\u00e6gi er ekki alltaf lotusstelling og lofnarbl\u00f3m, heldur stundum kaldur kaffibolli og dj\u00fapt andvarp. <\/p>\n\n\n\n<p class=\"has-accent-5-background-color has-background has-medium-font-size\">Me\u00f0 sm\u00e1 n\u00e1tt\u00faru, sm\u00e1 n\u00e6ringu og \u00feetta k\u00e6rkomna \u201e<em>fokk it\u201c<\/em> augnablik.<\/p>\n\n\n\n<p class=\"is-style-text-annotation has-accent-5-background-color has-background has-small-font-size is-style-text-annotation--2\">S\u00fakkula\u00f0ikenndir molar me\u00f0 bl\u00f6ndu af nau\u00f0synlegum innihaldsefnum fyrir \u00fe\u00e6r sem:<br>\u2013 eru a\u00f0 upplifa fyrstu merki perimenopause<br>\u2013 eru a\u00f0 sigla inn \u00ed breytingaskei\u00f0i\u00f0,<br>\u2013 eru n\u00fdb\u00fanar me\u00f0 \u00fea\u00f0 og vilja f\u00e1 orkuna og jafnv\u00e6gi\u00f0 aftur,<br>\u2013 upplifa kv\u00ed\u00f0a, sveiflukenndan f\u00f3kus og horm\u00f3narugl sem l\u00e6tur allt l\u00edta \u00fat eins og \u201e\u00e9g nenni \u00feessu ekki \u00ed dag\u201c.<\/p>\n\n\n\n<div class=\"wp-block-buttons is-layout-flex wp-block-buttons-is-layout-flex\">\n<div class=\"wp-block-button\"><a class=\"wp-block-button__link wp-element-button\">Hver er \u00feinn moli<\/a><\/div>\n<\/div>\n<\/div>\n<\/div>\n<\/div>\n\n\n\n<div class=\"wp-block-group alignfull has-global-padding is-layout-constrained wp-block-group-is-layout-constrained\" style=\"margin-top:0;margin-bottom:0;padding-top:var(--wp--preset--spacing--50);padding-bottom:var(--wp--preset--spacing--50)\">\n<div class=\"wp-block-group alignwide is-layout-grid wp-container-core-group-is-layout-840b37f5 wp-block-group-is-layout-grid\">\n<div class=\"wp-block-group is-vertical is-layout-flex wp-container-core-group-is-layout-d6b9ab57 wp-block-group-is-layout-flex\">\n<h2 class=\"wp-block-heading is-style-text-subtitle has-accent-5-background-color has-background has-x-large-font-size is-style-text-subtitle--3\"><strong>S\u00e1lr\u00e6n endurreisn <\/strong><br><strong>\u00ed hverjum mola<\/strong><\/h2>\n<\/div>\n\n\n\n<div class=\"wp-block-group is-vertical is-content-justification-stretch is-layout-flex wp-container-core-group-is-layout-353c4f5a wp-block-group-is-layout-flex\">\n<div class=\"wp-block-cover\"><img loading=\"lazy\" decoding=\"async\" width=\"683\" height=\"1024\" class=\"wp-block-cover__image-background wp-image-20 size-large\" alt=\"\" src=\"https:\/\/andreaelsa.gagnaver.is\/wp-content\/uploads\/2025\/11\/Fegurd-i-fokki-mynd-683x1024.png\" data-object-fit=\"cover\" srcset=\"https:\/\/andreaelsa.gagnaver.is\/wp-content\/uploads\/2025\/11\/Fegurd-i-fokki-mynd-683x1024.png 683w, https:\/\/andreaelsa.gagnaver.is\/wp-content\/uploads\/2025\/11\/Fegurd-i-fokki-mynd-200x300.png 200w, https:\/\/andreaelsa.gagnaver.is\/wp-content\/uploads\/2025\/11\/Fegurd-i-fokki-mynd-768x1152.png 768w, https:\/\/andreaelsa.gagnaver.is\/wp-content\/uploads\/2025\/11\/Fegurd-i-fokki-mynd.png 1024w\" sizes=\"auto, (max-width: 683px) 100vw, 683px\" \/><span aria-hidden=\"true\" class=\"wp-block-cover__background has-background-dim-0 has-background-dim\" style=\"background-color:#833d3a\"><\/span><div class=\"wp-block-cover__inner-container has-global-padding is-layout-constrained wp-block-cover-is-layout-constrained\">\n<div style=\"height:var(--wp--preset--spacing--20)\" aria-hidden=\"true\" class=\"wp-block-spacer\"><\/div>\n<\/div><\/div>\n\n\n\n<p class=\"has-text-align-center has-accent-5-background-color has-background\">Blessu\u00f0 vertu bugun m\u00edn<\/p>\n<\/div>\n\n\n\n<div class=\"wp-block-group is-vertical is-content-justification-stretch is-layout-flex wp-container-core-group-is-layout-353c4f5a wp-block-group-is-layout-flex\">\n<div class=\"wp-block-cover has-custom-content-position is-position-center-left\"><img loading=\"lazy\" decoding=\"async\" width=\"610\" height=\"603\" class=\"wp-block-cover__image-background wp-image-23 size-full\" alt=\"\" src=\"https:\/\/andreaelsa.gagnaver.is\/wp-content\/uploads\/2025\/11\/Harmoniumolinn.png\" data-object-fit=\"cover\" srcset=\"https:\/\/andreaelsa.gagnaver.is\/wp-content\/uploads\/2025\/11\/Harmoniumolinn.png 610w, https:\/\/andreaelsa.gagnaver.is\/wp-content\/uploads\/2025\/11\/Harmoniumolinn-300x297.png 300w\" sizes=\"auto, (max-width: 610px) 100vw, 610px\" \/><span aria-hidden=\"true\" class=\"wp-block-cover__background has-background-dim-0 has-background-dim\" style=\"background-color:#828282\"><\/span><div class=\"wp-block-cover__inner-container has-global-padding is-layout-constrained wp-block-cover-is-layout-constrained\">\n<div style=\"height:var(--wp--preset--spacing--20)\" aria-hidden=\"true\" class=\"wp-block-spacer\"><\/div>\n<\/div><\/div>\n\n\n\n<p class=\"has-text-align-center has-accent-5-background-color has-background\">Harmon\u00eda <br>heillin m\u00edn<\/p>\n<\/div>\n\n\n\n<div class=\"wp-block-group is-vertical is-content-justification-stretch is-layout-flex wp-container-core-group-is-layout-353c4f5a wp-block-group-is-layout-flex\">\n<div class=\"wp-block-cover\"><img loading=\"lazy\" decoding=\"async\" width=\"618\" height=\"602\" class=\"wp-block-cover__image-background wp-image-24 size-full\" alt=\"\" src=\"https:\/\/andreaelsa.gagnaver.is\/wp-content\/uploads\/2025\/11\/Frutras-moli.png\" data-object-fit=\"cover\" srcset=\"https:\/\/andreaelsa.gagnaver.is\/wp-content\/uploads\/2025\/11\/Frutras-moli.png 618w, https:\/\/andreaelsa.gagnaver.is\/wp-content\/uploads\/2025\/11\/Frutras-moli-300x292.png 300w\" sizes=\"auto, (max-width: 618px) 100vw, 618px\" \/><span aria-hidden=\"true\" class=\"wp-block-cover__background has-background-dim-0 has-background-dim\" style=\"background-color:#d6bc98\"><\/span><div class=\"wp-block-cover__inner-container has-global-padding is-layout-constrained wp-block-cover-is-layout-constrained\">\n<div style=\"height:var(--wp--preset--spacing--20)\" aria-hidden=\"true\" class=\"wp-block-spacer\"><\/div>\n<\/div><\/div>\n\n\n\n<p class=\"has-text-align-center has-accent-5-background-color has-background\">Frj\u00e1ls er kona \u00ed fr\u00fatr\u00e1s<\/p>\n<\/div>\n<\/div>\n<\/div>\n\n\n\n<div class=\"wp-block-group alignfull has-global-padding is-layout-constrained wp-block-group-is-layout-constrained\" style=\"margin-top:0;margin-bottom:0;padding-top:var(--wp--preset--spacing--50);padding-bottom:var(--wp--preset--spacing--50)\">\n<div class=\"wp-block-group alignwide is-layout-grid wp-container-core-group-is-layout-21f393a4 wp-block-group-is-layout-grid\">\n<div class=\"wp-block-group is-style-section-3 has-global-padding is-layout-constrained wp-block-group-is-layout-constrained is-style-section-3--4\" style=\"min-height:297px\">\n<div class=\"wp-block-group is-style-section-1 has-contrast-color has-text-color is-vertical is-content-justification-center is-layout-flex wp-container-core-group-is-layout-49f48eef wp-block-group-is-layout-flex has-background is-style-section-1--5\" style=\"border-width:3px;min-height:100%;padding-top:0;padding-right:0;padding-bottom:0;padding-left:0;background-image:url(&apos;https:\/\/andreaelsa.gagnaver.is\/wp-content\/uploads\/2025\/11\/Blanko-bakgrunnur-med-logo-1.png&apos;);background-size:cover;\">\n<h2 class=\"wp-block-heading has-large-font-size\">Instagram<\/h2>\n\n\n\n<p class=\"has-text-align-center has-medium-font-size\"><a href=\"#\">@<\/a>rafnalin.is<\/p>\n<\/div>\n<\/div>\n\n\n\n<figure class=\"wp-block-image size-full\"><img loading=\"lazy\" decoding=\"async\" width=\"990\" height=\"975\" src=\"https:\/\/andreaelsa.gagnaver.is\/wp-content\/uploads\/2025\/11\/Wellness-meets-witchcraft.png\" alt=\"\" class=\"wp-image-27\" style=\"aspect-ratio:1;object-fit:cover\" srcset=\"https:\/\/andreaelsa.gagnaver.is\/wp-content\/uploads\/2025\/11\/Wellness-meets-witchcraft.png 990w, https:\/\/andreaelsa.gagnaver.is\/wp-content\/uploads\/2025\/11\/Wellness-meets-witchcraft-300x295.png 300w, https:\/\/andreaelsa.gagnaver.is\/wp-content\/uploads\/2025\/11\/Wellness-meets-witchcraft-768x756.png 768w\" sizes=\"auto, (max-width: 990px) 100vw, 990px\" \/><\/figure>\n\n\n\n<figure class=\"wp-block-image size-full\"><img loading=\"lazy\" decoding=\"async\" width=\"1080\" height=\"1080\" src=\"https:\/\/andreaelsa.gagnaver.is\/wp-content\/uploads\/2025\/11\/Pepp-og-plass.png\" alt=\"\" class=\"wp-image-33\" style=\"aspect-ratio:1;object-fit:cover\" srcset=\"https:\/\/andreaelsa.gagnaver.is\/wp-content\/uploads\/2025\/11\/Pepp-og-plass.png 1080w, https:\/\/andreaelsa.gagnaver.is\/wp-content\/uploads\/2025\/11\/Pepp-og-plass-300x300.png 300w, https:\/\/andreaelsa.gagnaver.is\/wp-content\/uploads\/2025\/11\/Pepp-og-plass-1024x1024.png 1024w, https:\/\/andreaelsa.gagnaver.is\/wp-content\/uploads\/2025\/11\/Pepp-og-plass-150x150.png 150w, https:\/\/andreaelsa.gagnaver.is\/wp-content\/uploads\/2025\/11\/Pepp-og-plass-768x768.png 768w\" sizes=\"auto, (max-width: 1080px) 100vw, 1080px\" \/><\/figure>\n\n\n\n<figure class=\"wp-block-image size-full\"><img loading=\"lazy\" decoding=\"async\" width=\"990\" height=\"975\" src=\"https:\/\/andreaelsa.gagnaver.is\/wp-content\/uploads\/2025\/11\/Studlud-skapsveifla-mynd.png\" alt=\"\" class=\"wp-image-31\" style=\"aspect-ratio:1;object-fit:cover\" srcset=\"https:\/\/andreaelsa.gagnaver.is\/wp-content\/uploads\/2025\/11\/Studlud-skapsveifla-mynd.png 990w, https:\/\/andreaelsa.gagnaver.is\/wp-content\/uploads\/2025\/11\/Studlud-skapsveifla-mynd-300x295.png 300w, https:\/\/andreaelsa.gagnaver.is\/wp-content\/uploads\/2025\/11\/Studlud-skapsveifla-mynd-768x756.png 768w\" sizes=\"auto, (max-width: 990px) 100vw, 990px\" \/><\/figure>\n\n\n\n<figure class=\"wp-block-image size-full\"><img loading=\"lazy\" decoding=\"async\" width=\"1080\" height=\"1080\" src=\"https:\/\/andreaelsa.gagnaver.is\/wp-content\/uploads\/2025\/11\/Draumur-pepp.png\" alt=\"\" class=\"wp-image-36\" style=\"aspect-ratio:1;object-fit:cover\" srcset=\"https:\/\/andreaelsa.gagnaver.is\/wp-content\/uploads\/2025\/11\/Draumur-pepp.png 1080w, https:\/\/andreaelsa.gagnaver.is\/wp-content\/uploads\/2025\/11\/Draumur-pepp-300x300.png 300w, https:\/\/andreaelsa.gagnaver.is\/wp-content\/uploads\/2025\/11\/Draumur-pepp-1024x1024.png 1024w, https:\/\/andreaelsa.gagnaver.is\/wp-content\/uploads\/2025\/11\/Draumur-pepp-150x150.png 150w, https:\/\/andreaelsa.gagnaver.is\/wp-content\/uploads\/2025\/11\/Draumur-pepp-768x768.png 768w\" sizes=\"auto, (max-width: 1080px) 100vw, 1080px\" \/><\/figure>\n\n\n\n<figure class=\"wp-block-image size-full\"><img loading=\"lazy\" decoding=\"async\" width=\"990\" height=\"975\" src=\"https:\/\/andreaelsa.gagnaver.is\/wp-content\/uploads\/2025\/11\/Finndu-fegurdina-i-fokkinu-bolli.png\" alt=\"\" class=\"wp-image-34\" style=\"aspect-ratio:1;object-fit:cover\" srcset=\"https:\/\/andreaelsa.gagnaver.is\/wp-content\/uploads\/2025\/11\/Finndu-fegurdina-i-fokkinu-bolli.png 990w, https:\/\/andreaelsa.gagnaver.is\/wp-content\/uploads\/2025\/11\/Finndu-fegurdina-i-fokkinu-bolli-300x295.png 300w, https:\/\/andreaelsa.gagnaver.is\/wp-content\/uploads\/2025\/11\/Finndu-fegurdina-i-fokkinu-bolli-768x756.png 768w\" sizes=\"auto, (max-width: 990px) 100vw, 990px\" \/><\/figure>\n\n\n\n<figure class=\"wp-block-image size-full\"><img loading=\"lazy\" decoding=\"async\" width=\"1080\" height=\"1080\" src=\"https:\/\/andreaelsa.gagnaver.is\/wp-content\/uploads\/2025\/11\/threytt-pepp.png\" alt=\"\" class=\"wp-image-37\" style=\"aspect-ratio:1;object-fit:cover\" srcset=\"https:\/\/andreaelsa.gagnaver.is\/wp-content\/uploads\/2025\/11\/threytt-pepp.png 1080w, https:\/\/andreaelsa.gagnaver.is\/wp-content\/uploads\/2025\/11\/threytt-pepp-300x300.png 300w, https:\/\/andreaelsa.gagnaver.is\/wp-content\/uploads\/2025\/11\/threytt-pepp-1024x1024.png 1024w, https:\/\/andreaelsa.gagnaver.is\/wp-content\/uploads\/2025\/11\/threytt-pepp-150x150.png 150w, https:\/\/andreaelsa.gagnaver.is\/wp-content\/uploads\/2025\/11\/threytt-pepp-768x768.png 768w\" sizes=\"auto, (max-width: 1080px) 100vw, 1080px\" \/><\/figure>\n\n\n\n<figure class=\"wp-block-image size-full\"><img loading=\"lazy\" decoding=\"async\" width=\"1080\" height=\"1080\" src=\"https:\/\/andreaelsa.gagnaver.is\/wp-content\/uploads\/2025\/11\/Ekki-mitt-ad-laga-stort.png\" alt=\"\" class=\"wp-image-38\" style=\"aspect-ratio:1;object-fit:cover\" srcset=\"https:\/\/andreaelsa.gagnaver.is\/wp-content\/uploads\/2025\/11\/Ekki-mitt-ad-laga-stort.png 1080w, https:\/\/andreaelsa.gagnaver.is\/wp-content\/uploads\/2025\/11\/Ekki-mitt-ad-laga-stort-300x300.png 300w, https:\/\/andreaelsa.gagnaver.is\/wp-content\/uploads\/2025\/11\/Ekki-mitt-ad-laga-stort-1024x1024.png 1024w, https:\/\/andreaelsa.gagnaver.is\/wp-content\/uploads\/2025\/11\/Ekki-mitt-ad-laga-stort-150x150.png 150w, https:\/\/andreaelsa.gagnaver.is\/wp-content\/uploads\/2025\/11\/Ekki-mitt-ad-laga-stort-768x768.png 768w\" sizes=\"auto, (max-width: 1080px) 100vw, 1080px\" \/><\/figure>\n<\/div>\n<\/div>\n","protected":false},"excerpt":{"rendered":"<p>Viskumolar Fyrir konuna sem \u00fer\u00e1ir r\u00f3, en hefur l\u00edka gaman af ruglinu. \u00deessa sem veit a\u00f0 jafnv\u00e6gi er ekki alltaf lotusstelling og lofnarbl\u00f3m, heldur stundum kaldur kaffibolli og dj\u00fapt andvarp. Me\u00f0 sm\u00e1 n\u00e1tt\u00faru, sm\u00e1 n\u00e6ringu og \u00feetta k\u00e6rkomna \u201efokk it\u201c augnablik. S\u00fakkula\u00f0ikenndir molar me\u00f0 bl\u00f6ndu af nau\u00f0synlegum innihaldsefnum fyrir \u00fe\u00e6r sem:\u2013 eru a\u00f0 upplifa fyrstu [&hellip;]<\/p>\n","protected":false},"author":1,"featured_media":46,"parent":0,"menu_order":0,"comment_status":"closed","ping_status":"closed","template":"","meta":{"footnotes":""},"class_list":["post-18","page","type-page","status-publish","has-post-thumbnail","hentry"],"_links":{"self":[{"href":"https:\/\/andreaelsa.gagnaver.is\/index.php\/wp-json\/wp\/v2\/pages\/18","targetHints":{"allow":["GET"]}}],"collection":[{"href":"https:\/\/andreaelsa.gagnaver.is\/index.php\/wp-json\/wp\/v2\/pages"}],"about":[{"href":"https:\/\/andreaelsa.gagnaver.is\/index.php\/wp-json\/wp\/v2\/types\/page"}],"author":[{"embeddable":true,"href":"https:\/\/andreaelsa.gagnaver.is\/index.php\/wp-json\/wp\/v2\/users\/1"}],"replies":[{"embeddable":true,"href":"https:\/\/andreaelsa.gagnaver.is\/index.php\/wp-json\/wp\/v2\/comments?post=18"}],"version-history":[{"count":8,"href":"https:\/\/andreaelsa.gagnaver.is\/index.php\/wp-json\/wp\/v2\/pages\/18\/revisions"}],"predecessor-version":[{"id":58,"href":"https:\/\/andreaelsa.gagnaver.is\/index.php\/wp-json\/wp\/v2\/pages\/18\/revisions\/58"}],"wp:featuredmedia":[{"embeddable":true,"href":"https:\/\/andreaelsa.gagnaver.is\/index.php\/wp-json\/wp\/v2\/media\/46"}],"wp:attachment":[{"href":"https:\/\/andreaelsa.gagnaver.is\/index.php\/wp-json\/wp\/v2\/media?parent=18"}],"curies":[{"name":"wp","href":"https:\/\/api.w.org\/{rel}","templated":true}]}}